{"id":5554,"date":"2019-08-10T18:29:32","date_gmt":"2019-08-10T16:29:32","guid":{"rendered":"https:\/\/biznis.slovanet.net\/segments\/retail\/"},"modified":"2019-10-28T12:48:09","modified_gmt":"2019-10-28T11:48:09","slug":"retail","status":"publish","type":"page","link":"https:\/\/biznis.slovanet.net\/en\/segments\/retail\/","title":{"rendered":"Retail"},"content":{"rendered":"","protected":false},"excerpt":{"rendered":"","protected":false},"author":5,"featured_media":0,"parent":5502,"menu_order":0,"comment_status":"closed","ping_status":"closed","template":"template-pages\/segment.php","meta":{"_acf_changed":false,"inline_featured_image":false,"footnotes":""},"class_list":["post-5554","page","type-page","status-publish","hentry"],"acf":[],"yoast_head":"<!-- This site is optimized with the Yoast SEO plugin v26.5 - https:\/\/yoast.com\/wordpress\/plugins\/seo\/ -->\n<title>Retail - Slovanet<\/title>\n<meta name=\"description\" content=\"Na\u0161e rie\u0161enia pon\u00fakaj\u00fa preh\u013eadn\u00e9 reporty o po\u010dte n\u00e1v\u0161tevn\u00edkov, ich pohybe po predajni, dobe trvania n\u00e1v\u0161tev a \u010fal\u0161\u00edch prvkoch n\u00e1kupn\u00e9ho spr\u00e1vania.\" \/>\n<meta name=\"robots\" content=\"index, follow, max-snippet:-1, max-image-preview:large, max-video-preview:-1\" \/>\n<link rel=\"canonical\" href=\"https:\/\/biznis.slovanet.net\/en\/segments\/retail\/\" \/>\n<meta property=\"og:locale\" content=\"en_US\" \/>\n<meta property=\"og:type\" content=\"article\" \/>\n<meta property=\"og:title\" content=\"Retail - Slovanet\" \/>\n<meta property=\"og:description\" content=\"Na\u0161e rie\u0161enia pon\u00fakaj\u00fa preh\u013eadn\u00e9 reporty o po\u010dte n\u00e1v\u0161tevn\u00edkov, ich pohybe po predajni, dobe trvania n\u00e1v\u0161tev a \u010fal\u0161\u00edch prvkoch n\u00e1kupn\u00e9ho spr\u00e1vania.\" \/>\n<meta property=\"og:url\" content=\"https:\/\/biznis.slovanet.net\/en\/segments\/retail\/\" \/>\n<meta property=\"og:site_name\" content=\"Slovanet\" \/>\n<meta property=\"article:publisher\" content=\"https:\/\/www.facebook.com\/slovanet\/\" \/>\n<meta property=\"article:modified_time\" content=\"2019-10-28T11:48:09+00:00\" \/>\n<meta property=\"og:image\" content=\"https:\/\/biznis.slovanet.net\/wp-content\/uploads\/2021\/05\/biznisslovanet-og_image.png\" \/>\n\t<meta property=\"og:image:width\" content=\"1200\" \/>\n\t<meta property=\"og:image:height\" content=\"630\" \/>\n\t<meta property=\"og:image:type\" content=\"image\/png\" \/>\n<meta name=\"twitter:card\" content=\"summary_large_image\" \/>\n<script type=\"application\/ld+json\" class=\"yoast-schema-graph\">{\"@context\":\"https:\/\/schema.org\",\"@graph\":[{\"@type\":\"WebPage\",\"@id\":\"https:\/\/biznis.slovanet.net\/en\/segments\/retail\/\",\"url\":\"https:\/\/biznis.slovanet.net\/en\/segments\/retail\/\",\"name\":\"Retail - Slovanet\",\"isPartOf\":{\"@id\":\"https:\/\/biznis.slovanet.net\/en\/#website\"},\"datePublished\":\"2019-08-10T16:29:32+00:00\",\"dateModified\":\"2019-10-28T11:48:09+00:00\",\"description\":\"Na\u0161e rie\u0161enia pon\u00fakaj\u00fa preh\u013eadn\u00e9 reporty o po\u010dte n\u00e1v\u0161tevn\u00edkov, ich pohybe po predajni, dobe trvania n\u00e1v\u0161tev a \u010fal\u0161\u00edch prvkoch n\u00e1kupn\u00e9ho spr\u00e1vania.\",\"breadcrumb\":{\"@id\":\"https:\/\/biznis.slovanet.net\/en\/segments\/retail\/#breadcrumb\"},\"inLanguage\":\"en-US\",\"potentialAction\":[{\"@type\":\"ReadAction\",\"target\":[\"https:\/\/biznis.slovanet.net\/en\/segments\/retail\/\"]}]},{\"@type\":\"BreadcrumbList\",\"@id\":\"https:\/\/biznis.slovanet.net\/en\/segments\/retail\/#breadcrumb\",\"itemListElement\":[{\"@type\":\"ListItem\",\"position\":1,\"name\":\"Home\",\"item\":\"https:\/\/biznis.slovanet.net\/en\/\"},{\"@type\":\"ListItem\",\"position\":2,\"name\":\"Segments\",\"item\":\"https:\/\/biznis.slovanet.net\/en\/segments\/\"},{\"@type\":\"ListItem\",\"position\":3,\"name\":\"Retail\"}]},{\"@type\":\"WebSite\",\"@id\":\"https:\/\/biznis.slovanet.net\/en\/#website\",\"url\":\"https:\/\/biznis.slovanet.net\/en\/\",\"name\":\"Slovanet\",\"description\":\"Telekomunika\u010dn\u00e9 slu\u017eby pre firmy\",\"publisher\":{\"@id\":\"https:\/\/biznis.slovanet.net\/en\/#organization\"},\"potentialAction\":[{\"@type\":\"SearchAction\",\"target\":{\"@type\":\"EntryPoint\",\"urlTemplate\":\"https:\/\/biznis.slovanet.net\/en\/?s={search_term_string}\"},\"query-input\":{\"@type\":\"PropertyValueSpecification\",\"valueRequired\":true,\"valueName\":\"search_term_string\"}}],\"inLanguage\":\"en-US\"},{\"@type\":\"Organization\",\"@id\":\"https:\/\/biznis.slovanet.net\/en\/#organization\",\"name\":\"Slovanet\",\"url\":\"https:\/\/biznis.slovanet.net\/en\/\",\"logo\":{\"@type\":\"ImageObject\",\"inLanguage\":\"en-US\",\"@id\":\"https:\/\/biznis.slovanet.net\/en\/#\/schema\/logo\/image\/\",\"url\":\"https:\/\/biznis.slovanet.net\/wp-content\/uploads\/2019\/09\/slovanet_logo.svg\",\"contentUrl\":\"https:\/\/biznis.slovanet.net\/wp-content\/uploads\/2019\/09\/slovanet_logo.svg\",\"width\":1,\"height\":1,\"caption\":\"Slovanet\"},\"image\":{\"@id\":\"https:\/\/biznis.slovanet.net\/en\/#\/schema\/logo\/image\/\"},\"sameAs\":[\"https:\/\/www.facebook.com\/slovanet\/\"]}]}<\/script>\n<!-- \/ Yoast SEO plugin. -->","yoast_head_json":{"title":"Retail - Slovanet","description":"Na\u0161e rie\u0161enia pon\u00fakaj\u00fa preh\u013eadn\u00e9 reporty o po\u010dte n\u00e1v\u0161tevn\u00edkov, ich pohybe po predajni, dobe trvania n\u00e1v\u0161tev a \u010fal\u0161\u00edch prvkoch n\u00e1kupn\u00e9ho spr\u00e1vania.","robots":{"index":"index","follow":"follow","max-snippet":"max-snippet:-1","max-image-preview":"max-image-preview:large","max-video-preview":"max-video-preview:-1"},"canonical":"https:\/\/biznis.slovanet.net\/en\/segments\/retail\/","og_locale":"en_US","og_type":"article","og_title":"Retail - Slovanet","og_description":"Na\u0161e rie\u0161enia pon\u00fakaj\u00fa preh\u013eadn\u00e9 reporty o po\u010dte n\u00e1v\u0161tevn\u00edkov, ich pohybe po predajni, dobe trvania n\u00e1v\u0161tev a \u010fal\u0161\u00edch prvkoch n\u00e1kupn\u00e9ho spr\u00e1vania.","og_url":"https:\/\/biznis.slovanet.net\/en\/segments\/retail\/","og_site_name":"Slovanet","article_publisher":"https:\/\/www.facebook.com\/slovanet\/","article_modified_time":"2019-10-28T11:48:09+00:00","og_image":[{"width":1200,"height":630,"url":"https:\/\/biznis.slovanet.net\/wp-content\/uploads\/2021\/05\/biznisslovanet-og_image.png","type":"image\/png"}],"twitter_card":"summary_large_image","schema":{"@context":"https:\/\/schema.org","@graph":[{"@type":"WebPage","@id":"https:\/\/biznis.slovanet.net\/en\/segments\/retail\/","url":"https:\/\/biznis.slovanet.net\/en\/segments\/retail\/","name":"Retail - Slovanet","isPartOf":{"@id":"https:\/\/biznis.slovanet.net\/en\/#website"},"datePublished":"2019-08-10T16:29:32+00:00","dateModified":"2019-10-28T11:48:09+00:00","description":"Na\u0161e rie\u0161enia pon\u00fakaj\u00fa preh\u013eadn\u00e9 reporty o po\u010dte n\u00e1v\u0161tevn\u00edkov, ich pohybe po predajni, dobe trvania n\u00e1v\u0161tev a \u010fal\u0161\u00edch prvkoch n\u00e1kupn\u00e9ho spr\u00e1vania.","breadcrumb":{"@id":"https:\/\/biznis.slovanet.net\/en\/segments\/retail\/#breadcrumb"},"inLanguage":"en-US","potentialAction":[{"@type":"ReadAction","target":["https:\/\/biznis.slovanet.net\/en\/segments\/retail\/"]}]},{"@type":"BreadcrumbList","@id":"https:\/\/biznis.slovanet.net\/en\/segments\/retail\/#breadcrumb","itemListElement":[{"@type":"ListItem","position":1,"name":"Home","item":"https:\/\/biznis.slovanet.net\/en\/"},{"@type":"ListItem","position":2,"name":"Segments","item":"https:\/\/biznis.slovanet.net\/en\/segments\/"},{"@type":"ListItem","position":3,"name":"Retail"}]},{"@type":"WebSite","@id":"https:\/\/biznis.slovanet.net\/en\/#website","url":"https:\/\/biznis.slovanet.net\/en\/","name":"Slovanet","description":"Telekomunika\u010dn\u00e9 slu\u017eby pre firmy","publisher":{"@id":"https:\/\/biznis.slovanet.net\/en\/#organization"},"potentialAction":[{"@type":"SearchAction","target":{"@type":"EntryPoint","urlTemplate":"https:\/\/biznis.slovanet.net\/en\/?s={search_term_string}"},"query-input":{"@type":"PropertyValueSpecification","valueRequired":true,"valueName":"search_term_string"}}],"inLanguage":"en-US"},{"@type":"Organization","@id":"https:\/\/biznis.slovanet.net\/en\/#organization","name":"Slovanet","url":"https:\/\/biznis.slovanet.net\/en\/","logo":{"@type":"ImageObject","inLanguage":"en-US","@id":"https:\/\/biznis.slovanet.net\/en\/#\/schema\/logo\/image\/","url":"https:\/\/biznis.slovanet.net\/wp-content\/uploads\/2019\/09\/slovanet_logo.svg","contentUrl":"https:\/\/biznis.slovanet.net\/wp-content\/uploads\/2019\/09\/slovanet_logo.svg","width":1,"height":1,"caption":"Slovanet"},"image":{"@id":"https:\/\/biznis.slovanet.net\/en\/#\/schema\/logo\/image\/"},"sameAs":["https:\/\/www.facebook.com\/slovanet\/"]}]}},"_links":{"self":[{"href":"https:\/\/biznis.slovanet.net\/en\/wp-json\/wp\/v2\/pages\/5554","targetHints":{"allow":["GET"]}}],"collection":[{"href":"https:\/\/biznis.slovanet.net\/en\/wp-json\/wp\/v2\/pages"}],"about":[{"href":"https:\/\/biznis.slovanet.net\/en\/wp-json\/wp\/v2\/types\/page"}],"author":[{"embeddable":true,"href":"https:\/\/biznis.slovanet.net\/en\/wp-json\/wp\/v2\/users\/5"}],"replies":[{"embeddable":true,"href":"https:\/\/biznis.slovanet.net\/en\/wp-json\/wp\/v2\/comments?post=5554"}],"version-history":[{"count":1,"href":"https:\/\/biznis.slovanet.net\/en\/wp-json\/wp\/v2\/pages\/5554\/revisions"}],"predecessor-version":[{"id":5555,"href":"https:\/\/biznis.slovanet.net\/en\/wp-json\/wp\/v2\/pages\/5554\/revisions\/5555"}],"up":[{"embeddable":true,"href":"https:\/\/biznis.slovanet.net\/en\/wp-json\/wp\/v2\/pages\/5502"}],"wp:attachment":[{"href":"https:\/\/biznis.slovanet.net\/en\/wp-json\/wp\/v2\/media?parent=5554"}],"curies":[{"name":"wp","href":"https:\/\/api.w.org\/{rel}","templated":true}]}}