{"id":5497,"date":"2019-09-05T19:39:02","date_gmt":"2019-09-05T17:39:02","guid":{"rendered":"https:\/\/biznis.slovanet.net\/mapa-stranky\/"},"modified":"2019-11-06T10:00:06","modified_gmt":"2019-11-06T09:00:06","slug":"site-map","status":"publish","type":"page","link":"https:\/\/biznis.slovanet.net\/en\/site-map\/","title":{"rendered":"Site map"},"content":{"rendered":"<p><a href=\"https:\/\/biznis.slovanet.net\/en\/\">Homepage<\/a><\/p>\n<p><a href=\"https:\/\/biznis.slovanet.net\/en\/about-us\/\">About us<\/a><\/p>\n<ul>\n<li><a href=\"https:\/\/biznis.slovanet.net\/en\/about-us\/annual-reports\/\">Annual Reports<\/a><\/li>\n<li><a href=\"https:\/\/biznis.slovanet.net\/en\/about-us\/management\/\">Management<\/a><\/li>\n<li><a href=\"https:\/\/biznis.slovanet.net\/en\/about-us\/management-systems\/\">Management systems<\/a><\/li>\n<li><a href=\"https:\/\/biznis.slovanet.net\/en\/about-us\/csr\/\">CSR<\/a><\/li>\n<li><a href=\"https:\/\/biznis.slovanet.net\/en\/about-us\/career\/\">Career<\/a><\/li>\n<\/ul>\n<p>&nbsp;<\/p>\n<p><a href=\"https:\/\/biznis.slovanet.net\/en\/companies\/\">Companies<\/a><\/p>\n<ul>\n<li><a href=\"https:\/\/biznis.slovanet.net\/en\/companies\/cloud\/\">Cloud<\/a><\/li>\n<li><a href=\"https:\/\/biznis.slovanet.net\/en\/companies\/data-services\/\">Data services<\/a><\/li>\n<li><a href=\"https:\/\/biznis.slovanet.net\/en\/companies\/internet-of-things-iot\/\">Internet of Things (IoT)<\/a><\/li>\n<li><a href=\"https:\/\/biznis.slovanet.net\/en\/companies\/it-security\/\">IT security<\/a><\/li>\n<li><a href=\"https:\/\/biznis.slovanet.net\/en\/companies\/communication\/\">Communication<\/a><\/li>\n<li><a href=\"https:\/\/biznis.slovanet.net\/en\/companies\/television\/\">Television<\/a><\/li>\n<\/ul>\n<p>&nbsp;<\/p>\n<p><a href=\"https:\/\/biznis.slovanet.net\/en\/wholesale\/\">Wholesale<\/a><\/p>\n<ul>\n<li><a href=\"https:\/\/biznis.slovanet.net\/en\/wholesale\/cloud\/\">Cloud<\/a><\/li>\n<li><a href=\"https:\/\/biznis.slovanet.net\/en\/wholesale\/data-services\/\">Data services<\/a><\/li>\n<li><a href=\"https:\/\/biznis.slovanet.net\/en\/wholesale\/communication\/\">Communication<\/a><\/li>\n<li><a href=\"https:\/\/biznis.slovanet.net\/en\/wholesale\/television\/\">Television<\/a><\/li>\n<\/ul>\n<p>&nbsp;<\/p>\n<p><a href=\"https:\/\/biznis.slovanet.net\/en\/offices\/\">Offices<\/a><\/p>\n<ul>\n<li><a href=\"https:\/\/biznis.slovanet.net\/en\/offices\/data-services\/\">Data services<\/a><\/li>\n<li><a href=\"https:\/\/biznis.slovanet.net\/en\/offices\/it-security\/\">IT security<\/a><\/li>\n<li><a href=\"https:\/\/biznis.slovanet.net\/en\/offices\/communication\/\">Communication<\/a><\/li>\n<li><a href=\"https:\/\/biznis.slovanet.net\/en\/offices\/television\/\">Television<\/a><\/li>\n<\/ul>\n<p>&nbsp;<\/p>\n<p><a href=\"https:\/\/biznis.slovanet.net\/en\/segments\/\">Segments<\/a><\/p>\n<ul>\n<li><a href=\"https:\/\/biznis.slovanet.net\/en\/segments\/development\/\">Development<\/a><\/li>\n<li><a href=\"https:\/\/biznis.slovanet.net\/en\/segments\/horeca\/\">HORECA<\/a><\/li>\n<li><a href=\"https:\/\/biznis.slovanet.net\/en\/segments\/it-and-development\/\">IT and Development<\/a><\/li>\n<li><a href=\"https:\/\/biznis.slovanet.net\/en\/segments\/offices\/\">Offices<\/a><\/li>\n<li><a href=\"https:\/\/biznis.slovanet.net\/en\/segments\/events\/\">Events<\/a><\/li>\n<li><a href=\"https:\/\/biznis.slovanet.net\/en\/segments\/industry\/\">Industry<\/a><\/li>\n<li><a href=\"https:\/\/biznis.slovanet.net\/en\/segments\/retail\/\">Retail<\/a><\/li>\n<li><a href=\"https:\/\/biznis.slovanet.net\/en\/segments\/education\/\">Education<\/a><\/li>\n<li><a href=\"https:\/\/biznis.slovanet.net\/en\/segments\/smart-city\/\">Smart City<\/a><\/li>\n<li><a href=\"https:\/\/biznis.slovanet.net\/en\/segments\/healthcare\/\">Healthcare<\/a><\/li>\n<\/ul>\n<p>&nbsp;<\/p>\n<p><a href=\"https:\/\/biznis.slovanet.net\/en\/references\/\">References<\/a><\/p>\n<p><a href=\"https:\/\/biznis.slovanet.net\/en\/contact\/\">Contact<\/a><\/p>\n<p><a href=\"https:\/\/biznis.slovanet.net\/en\/legal-information\/\">Legal information<\/a><\/p>\n<p><a href=\"https:\/\/biznis.slovanet.net\/personal-data-protection\/\">Personal data protection<\/a><\/p>\n<p>&nbsp;<\/p>\n","protected":false},"excerpt":{"rendered":"<p>Homepage About us Annual Reports Management Management systems CSR Career &nbsp; Companies Cloud Data services Internet of Things (IoT) IT security Communication Television &nbsp; Wholesale Cloud Data services Communication Television &nbsp; Offices Data services IT security Communication Television &nbsp; Segments Development HORECA IT and Development Offices Events Industry Retail Education Smart City Healthcare &nbsp; References [&hellip;]<\/p>\n","protected":false},"author":5,"featured_media":0,"parent":0,"menu_order":0,"comment_status":"closed","ping_status":"closed","template":"","meta":{"_acf_changed":false,"inline_featured_image":false,"footnotes":""},"class_list":["post-5497","page","type-page","status-publish","hentry"],"acf":[],"yoast_head":"<!-- This site is optimized with the Yoast SEO plugin v26.5 - https:\/\/yoast.com\/wordpress\/plugins\/seo\/ -->\n<title>Site map - Slovanet<\/title>\n<meta name=\"robots\" content=\"index, follow, max-snippet:-1, max-image-preview:large, max-video-preview:-1\" \/>\n<link rel=\"canonical\" href=\"https:\/\/biznis.slovanet.net\/en\/site-map\/\" \/>\n<meta property=\"og:locale\" content=\"en_US\" \/>\n<meta property=\"og:type\" content=\"article\" \/>\n<meta property=\"og:title\" content=\"Site map - Slovanet\" \/>\n<meta property=\"og:description\" content=\"Homepage About us Annual Reports Management Management systems CSR Career &nbsp; Companies Cloud Data services Internet of Things (IoT) IT security Communication Television &nbsp; Wholesale Cloud Data services Communication Television &nbsp; Offices Data services IT security Communication Television &nbsp; Segments Development HORECA IT and Development Offices Events Industry Retail Education Smart City Healthcare &nbsp; References [&hellip;]\" \/>\n<meta property=\"og:url\" content=\"https:\/\/biznis.slovanet.net\/en\/site-map\/\" \/>\n<meta property=\"og:site_name\" content=\"Slovanet\" \/>\n<meta property=\"article:publisher\" content=\"https:\/\/www.facebook.com\/slovanet\/\" \/>\n<meta property=\"article:modified_time\" content=\"2019-11-06T09:00:06+00:00\" \/>\n<meta property=\"og:image\" content=\"https:\/\/biznis.slovanet.net\/wp-content\/uploads\/2021\/05\/biznisslovanet-og_image.png\" \/>\n\t<meta property=\"og:image:width\" content=\"1200\" \/>\n\t<meta property=\"og:image:height\" content=\"630\" \/>\n\t<meta property=\"og:image:type\" content=\"image\/png\" \/>\n<meta name=\"twitter:card\" content=\"summary_large_image\" \/>\n<script type=\"application\/ld+json\" class=\"yoast-schema-graph\">{\"@context\":\"https:\/\/schema.org\",\"@graph\":[{\"@type\":\"WebPage\",\"@id\":\"https:\/\/biznis.slovanet.net\/en\/site-map\/\",\"url\":\"https:\/\/biznis.slovanet.net\/en\/site-map\/\",\"name\":\"Site map - Slovanet\",\"isPartOf\":{\"@id\":\"https:\/\/biznis.slovanet.net\/en\/#website\"},\"datePublished\":\"2019-09-05T17:39:02+00:00\",\"dateModified\":\"2019-11-06T09:00:06+00:00\",\"breadcrumb\":{\"@id\":\"https:\/\/biznis.slovanet.net\/en\/site-map\/#breadcrumb\"},\"inLanguage\":\"en-US\",\"potentialAction\":[{\"@type\":\"ReadAction\",\"target\":[\"https:\/\/biznis.slovanet.net\/en\/site-map\/\"]}]},{\"@type\":\"BreadcrumbList\",\"@id\":\"https:\/\/biznis.slovanet.net\/en\/site-map\/#breadcrumb\",\"itemListElement\":[{\"@type\":\"ListItem\",\"position\":1,\"name\":\"Home\",\"item\":\"https:\/\/biznis.slovanet.net\/en\/\"},{\"@type\":\"ListItem\",\"position\":2,\"name\":\"Site map\"}]},{\"@type\":\"WebSite\",\"@id\":\"https:\/\/biznis.slovanet.net\/en\/#website\",\"url\":\"https:\/\/biznis.slovanet.net\/en\/\",\"name\":\"Slovanet\",\"description\":\"Telekomunika\u010dn\u00e9 slu\u017eby pre firmy\",\"publisher\":{\"@id\":\"https:\/\/biznis.slovanet.net\/en\/#organization\"},\"potentialAction\":[{\"@type\":\"SearchAction\",\"target\":{\"@type\":\"EntryPoint\",\"urlTemplate\":\"https:\/\/biznis.slovanet.net\/en\/?s={search_term_string}\"},\"query-input\":{\"@type\":\"PropertyValueSpecification\",\"valueRequired\":true,\"valueName\":\"search_term_string\"}}],\"inLanguage\":\"en-US\"},{\"@type\":\"Organization\",\"@id\":\"https:\/\/biznis.slovanet.net\/en\/#organization\",\"name\":\"Slovanet\",\"url\":\"https:\/\/biznis.slovanet.net\/en\/\",\"logo\":{\"@type\":\"ImageObject\",\"inLanguage\":\"en-US\",\"@id\":\"https:\/\/biznis.slovanet.net\/en\/#\/schema\/logo\/image\/\",\"url\":\"https:\/\/biznis.slovanet.net\/wp-content\/uploads\/2019\/09\/slovanet_logo.svg\",\"contentUrl\":\"https:\/\/biznis.slovanet.net\/wp-content\/uploads\/2019\/09\/slovanet_logo.svg\",\"width\":1,\"height\":1,\"caption\":\"Slovanet\"},\"image\":{\"@id\":\"https:\/\/biznis.slovanet.net\/en\/#\/schema\/logo\/image\/\"},\"sameAs\":[\"https:\/\/www.facebook.com\/slovanet\/\"]}]}<\/script>\n<!-- \/ Yoast SEO plugin. -->","yoast_head_json":{"title":"Site map - Slovanet","robots":{"index":"index","follow":"follow","max-snippet":"max-snippet:-1","max-image-preview":"max-image-preview:large","max-video-preview":"max-video-preview:-1"},"canonical":"https:\/\/biznis.slovanet.net\/en\/site-map\/","og_locale":"en_US","og_type":"article","og_title":"Site map - Slovanet","og_description":"Homepage About us Annual Reports Management Management systems CSR Career &nbsp; Companies Cloud Data services Internet of Things (IoT) IT security Communication Television &nbsp; Wholesale Cloud Data services Communication Television &nbsp; Offices Data services IT security Communication Television &nbsp; Segments Development HORECA IT and Development Offices Events Industry Retail Education Smart City Healthcare &nbsp; References [&hellip;]","og_url":"https:\/\/biznis.slovanet.net\/en\/site-map\/","og_site_name":"Slovanet","article_publisher":"https:\/\/www.facebook.com\/slovanet\/","article_modified_time":"2019-11-06T09:00:06+00:00","og_image":[{"width":1200,"height":630,"url":"https:\/\/biznis.slovanet.net\/wp-content\/uploads\/2021\/05\/biznisslovanet-og_image.png","type":"image\/png"}],"twitter_card":"summary_large_image","schema":{"@context":"https:\/\/schema.org","@graph":[{"@type":"WebPage","@id":"https:\/\/biznis.slovanet.net\/en\/site-map\/","url":"https:\/\/biznis.slovanet.net\/en\/site-map\/","name":"Site map - Slovanet","isPartOf":{"@id":"https:\/\/biznis.slovanet.net\/en\/#website"},"datePublished":"2019-09-05T17:39:02+00:00","dateModified":"2019-11-06T09:00:06+00:00","breadcrumb":{"@id":"https:\/\/biznis.slovanet.net\/en\/site-map\/#breadcrumb"},"inLanguage":"en-US","potentialAction":[{"@type":"ReadAction","target":["https:\/\/biznis.slovanet.net\/en\/site-map\/"]}]},{"@type":"BreadcrumbList","@id":"https:\/\/biznis.slovanet.net\/en\/site-map\/#breadcrumb","itemListElement":[{"@type":"ListItem","position":1,"name":"Home","item":"https:\/\/biznis.slovanet.net\/en\/"},{"@type":"ListItem","position":2,"name":"Site map"}]},{"@type":"WebSite","@id":"https:\/\/biznis.slovanet.net\/en\/#website","url":"https:\/\/biznis.slovanet.net\/en\/","name":"Slovanet","description":"Telekomunika\u010dn\u00e9 slu\u017eby pre firmy","publisher":{"@id":"https:\/\/biznis.slovanet.net\/en\/#organization"},"potentialAction":[{"@type":"SearchAction","target":{"@type":"EntryPoint","urlTemplate":"https:\/\/biznis.slovanet.net\/en\/?s={search_term_string}"},"query-input":{"@type":"PropertyValueSpecification","valueRequired":true,"valueName":"search_term_string"}}],"inLanguage":"en-US"},{"@type":"Organization","@id":"https:\/\/biznis.slovanet.net\/en\/#organization","name":"Slovanet","url":"https:\/\/biznis.slovanet.net\/en\/","logo":{"@type":"ImageObject","inLanguage":"en-US","@id":"https:\/\/biznis.slovanet.net\/en\/#\/schema\/logo\/image\/","url":"https:\/\/biznis.slovanet.net\/wp-content\/uploads\/2019\/09\/slovanet_logo.svg","contentUrl":"https:\/\/biznis.slovanet.net\/wp-content\/uploads\/2019\/09\/slovanet_logo.svg","width":1,"height":1,"caption":"Slovanet"},"image":{"@id":"https:\/\/biznis.slovanet.net\/en\/#\/schema\/logo\/image\/"},"sameAs":["https:\/\/www.facebook.com\/slovanet\/"]}]}},"_links":{"self":[{"href":"https:\/\/biznis.slovanet.net\/en\/wp-json\/wp\/v2\/pages\/5497","targetHints":{"allow":["GET"]}}],"collection":[{"href":"https:\/\/biznis.slovanet.net\/en\/wp-json\/wp\/v2\/pages"}],"about":[{"href":"https:\/\/biznis.slovanet.net\/en\/wp-json\/wp\/v2\/types\/page"}],"author":[{"embeddable":true,"href":"https:\/\/biznis.slovanet.net\/en\/wp-json\/wp\/v2\/users\/5"}],"replies":[{"embeddable":true,"href":"https:\/\/biznis.slovanet.net\/en\/wp-json\/wp\/v2\/comments?post=5497"}],"version-history":[{"count":5,"href":"https:\/\/biznis.slovanet.net\/en\/wp-json\/wp\/v2\/pages\/5497\/revisions"}],"predecessor-version":[{"id":5884,"href":"https:\/\/biznis.slovanet.net\/en\/wp-json\/wp\/v2\/pages\/5497\/revisions\/5884"}],"wp:attachment":[{"href":"https:\/\/biznis.slovanet.net\/en\/wp-json\/wp\/v2\/media?parent=5497"}],"curies":[{"name":"wp","href":"https:\/\/api.w.org\/{rel}","templated":true}]}}