{"id":4304,"date":"2019-09-13T12:39:18","date_gmt":"2019-09-13T10:39:18","guid":{"rendered":"https:\/\/biznis.slovanet.net\/information-security\/sluzby-certifikacna-autorita\/"},"modified":"2019-10-01T16:46:03","modified_gmt":"2019-10-01T14:46:03","slug":"certification-authority","status":"publish","type":"page","link":"https:\/\/biznis.slovanet.net\/en\/information-security\/certification-authority\/","title":{"rendered":"Certification authority"},"content":{"rendered":"<p>Slovanet&#8217;s certification authority provides certification services pursuant to applicable provisions of Act No. 215\/2002 Coll. on Electronic Signature as amended and its activities are focused on issuing certificates for Slovanet&#8217;s contracted customers.<\/p>\n<p>Certification activities primarily revolve around providing certification services, accepting applications to issue certificates, maintaining records and operating the required technical equipment and installations.<\/p>\n<p>Certification services also involve issuing certificates, cancelling valid certificates, providing a\u00a0list of cancelled certificates, confirming the existence and validity of certificates and locating and providing issued certificates.<\/p>\n<p>Accredited certification services are understood as:<\/p>\n<ul class=\"list-styled-2\">\n<li>Administration of qualified certificates, i.e. issuing qualified certificates, cancelling valid qualified certificates, providing a\u00a0list of cancelled qualified certificates, confirming the existence and validity of qualified certificates and locating and providing issued qualified certificates,<\/li>\n<li>Issuing time stamps.<\/li>\n<\/ul>\n<p>Slovanet provides and administers certificates with public keys pursuant to Version 3 of the X.509 standard for use in applications that require secure communication between network-connected computer systems.<\/p>\n<p>More information regarding certification activities, providing certification services as well as documents required under Act No. 215\/2002 Coll. can be found online at the\u00a0<a href=\"http:\/\/www.disig.sk\/\" target=\"blank\" rel=\"noopener noreferrer\">DISIG, a.s. website<\/a><\/p>\n<p>Many private and public entities rely on our long-term experience in providing data and security services. Please do\u00a0not hesitate to\u00a0<a href=\"https:\/\/www.slovanet.net\/en\/business\/contacts\/\">contact<\/a>\u00a0us if you are interested in becoming one of our satisfied customers.<\/p>\n","protected":false},"excerpt":{"rendered":"<p>Slovanet&#8217;s certification authority provides certification services pursuant to applicable provisions of Act No. 215\/2002 Coll. on Electronic Signature as amended and its activities are focused on issuing certificates for Slovanet&#8217;s contracted customers. Certification activities primarily revolve around providing certification services, accepting applications to issue certificates, maintaining records and operating the required technical equipment and installations. [&hellip;]<\/p>\n","protected":false},"author":4,"featured_media":0,"parent":4222,"menu_order":0,"comment_status":"closed","ping_status":"closed","template":"","meta":{"_acf_changed":false,"inline_featured_image":false,"footnotes":""},"class_list":["post-4304","page","type-page","status-publish","hentry"],"acf":[],"yoast_head":"<!-- This site is optimized with the Yoast SEO plugin v26.5 - https:\/\/yoast.com\/wordpress\/plugins\/seo\/ -->\n<title>Certification authority - Slovanet<\/title>\n<meta name=\"robots\" content=\"index, follow, max-snippet:-1, max-image-preview:large, max-video-preview:-1\" \/>\n<link rel=\"canonical\" href=\"https:\/\/biznis.slovanet.net\/en\/information-security\/certification-authority\/\" \/>\n<meta property=\"og:locale\" content=\"en_US\" \/>\n<meta property=\"og:type\" content=\"article\" \/>\n<meta property=\"og:title\" content=\"Certification authority - Slovanet\" \/>\n<meta property=\"og:description\" content=\"Slovanet&#8217;s certification authority provides certification services pursuant to applicable provisions of Act No. 215\/2002 Coll. on Electronic Signature as amended and its activities are focused on issuing certificates for Slovanet&#8217;s contracted customers. Certification activities primarily revolve around providing certification services, accepting applications to issue certificates, maintaining records and operating the required technical equipment and installations. [&hellip;]\" \/>\n<meta property=\"og:url\" content=\"https:\/\/biznis.slovanet.net\/en\/information-security\/certification-authority\/\" \/>\n<meta property=\"og:site_name\" content=\"Slovanet\" \/>\n<meta property=\"article:publisher\" content=\"https:\/\/www.facebook.com\/slovanet\/\" \/>\n<meta property=\"article:modified_time\" content=\"2019-10-01T14:46:03+00:00\" \/>\n<meta property=\"og:image\" content=\"https:\/\/biznis.slovanet.net\/wp-content\/uploads\/2021\/05\/biznisslovanet-og_image.png\" \/>\n\t<meta property=\"og:image:width\" content=\"1200\" \/>\n\t<meta property=\"og:image:height\" content=\"630\" \/>\n\t<meta property=\"og:image:type\" content=\"image\/png\" \/>\n<meta name=\"twitter:card\" content=\"summary_large_image\" \/>\n<meta name=\"twitter:label1\" content=\"Est. reading time\" \/>\n\t<meta name=\"twitter:data1\" content=\"1 minute\" \/>\n<script type=\"application\/ld+json\" class=\"yoast-schema-graph\">{\"@context\":\"https:\/\/schema.org\",\"@graph\":[{\"@type\":\"WebPage\",\"@id\":\"https:\/\/biznis.slovanet.net\/en\/information-security\/certification-authority\/\",\"url\":\"https:\/\/biznis.slovanet.net\/en\/information-security\/certification-authority\/\",\"name\":\"Certification authority - Slovanet\",\"isPartOf\":{\"@id\":\"https:\/\/biznis.slovanet.net\/en\/#website\"},\"datePublished\":\"2019-09-13T10:39:18+00:00\",\"dateModified\":\"2019-10-01T14:46:03+00:00\",\"breadcrumb\":{\"@id\":\"https:\/\/biznis.slovanet.net\/en\/information-security\/certification-authority\/#breadcrumb\"},\"inLanguage\":\"en-US\",\"potentialAction\":[{\"@type\":\"ReadAction\",\"target\":[\"https:\/\/biznis.slovanet.net\/en\/information-security\/certification-authority\/\"]}]},{\"@type\":\"BreadcrumbList\",\"@id\":\"https:\/\/biznis.slovanet.net\/en\/information-security\/certification-authority\/#breadcrumb\",\"itemListElement\":[{\"@type\":\"ListItem\",\"position\":1,\"name\":\"Home\",\"item\":\"https:\/\/biznis.slovanet.net\/en\/\"},{\"@type\":\"ListItem\",\"position\":2,\"name\":\"Information security\",\"item\":\"https:\/\/biznis.slovanet.net\/en\/information-security\/\"},{\"@type\":\"ListItem\",\"position\":3,\"name\":\"Certification authority\"}]},{\"@type\":\"WebSite\",\"@id\":\"https:\/\/biznis.slovanet.net\/en\/#website\",\"url\":\"https:\/\/biznis.slovanet.net\/en\/\",\"name\":\"Slovanet\",\"description\":\"Telekomunika\u010dn\u00e9 slu\u017eby pre firmy\",\"publisher\":{\"@id\":\"https:\/\/biznis.slovanet.net\/en\/#organization\"},\"potentialAction\":[{\"@type\":\"SearchAction\",\"target\":{\"@type\":\"EntryPoint\",\"urlTemplate\":\"https:\/\/biznis.slovanet.net\/en\/?s={search_term_string}\"},\"query-input\":{\"@type\":\"PropertyValueSpecification\",\"valueRequired\":true,\"valueName\":\"search_term_string\"}}],\"inLanguage\":\"en-US\"},{\"@type\":\"Organization\",\"@id\":\"https:\/\/biznis.slovanet.net\/en\/#organization\",\"name\":\"Slovanet\",\"url\":\"https:\/\/biznis.slovanet.net\/en\/\",\"logo\":{\"@type\":\"ImageObject\",\"inLanguage\":\"en-US\",\"@id\":\"https:\/\/biznis.slovanet.net\/en\/#\/schema\/logo\/image\/\",\"url\":\"https:\/\/biznis.slovanet.net\/wp-content\/uploads\/2019\/09\/slovanet_logo.svg\",\"contentUrl\":\"https:\/\/biznis.slovanet.net\/wp-content\/uploads\/2019\/09\/slovanet_logo.svg\",\"width\":1,\"height\":1,\"caption\":\"Slovanet\"},\"image\":{\"@id\":\"https:\/\/biznis.slovanet.net\/en\/#\/schema\/logo\/image\/\"},\"sameAs\":[\"https:\/\/www.facebook.com\/slovanet\/\"]}]}<\/script>\n<!-- \/ Yoast SEO plugin. -->","yoast_head_json":{"title":"Certification authority - Slovanet","robots":{"index":"index","follow":"follow","max-snippet":"max-snippet:-1","max-image-preview":"max-image-preview:large","max-video-preview":"max-video-preview:-1"},"canonical":"https:\/\/biznis.slovanet.net\/en\/information-security\/certification-authority\/","og_locale":"en_US","og_type":"article","og_title":"Certification authority - Slovanet","og_description":"Slovanet&#8217;s certification authority provides certification services pursuant to applicable provisions of Act No. 215\/2002 Coll. on Electronic Signature as amended and its activities are focused on issuing certificates for Slovanet&#8217;s contracted customers. Certification activities primarily revolve around providing certification services, accepting applications to issue certificates, maintaining records and operating the required technical equipment and installations. [&hellip;]","og_url":"https:\/\/biznis.slovanet.net\/en\/information-security\/certification-authority\/","og_site_name":"Slovanet","article_publisher":"https:\/\/www.facebook.com\/slovanet\/","article_modified_time":"2019-10-01T14:46:03+00:00","og_image":[{"width":1200,"height":630,"url":"https:\/\/biznis.slovanet.net\/wp-content\/uploads\/2021\/05\/biznisslovanet-og_image.png","type":"image\/png"}],"twitter_card":"summary_large_image","twitter_misc":{"Est. reading time":"1 minute"},"schema":{"@context":"https:\/\/schema.org","@graph":[{"@type":"WebPage","@id":"https:\/\/biznis.slovanet.net\/en\/information-security\/certification-authority\/","url":"https:\/\/biznis.slovanet.net\/en\/information-security\/certification-authority\/","name":"Certification authority - Slovanet","isPartOf":{"@id":"https:\/\/biznis.slovanet.net\/en\/#website"},"datePublished":"2019-09-13T10:39:18+00:00","dateModified":"2019-10-01T14:46:03+00:00","breadcrumb":{"@id":"https:\/\/biznis.slovanet.net\/en\/information-security\/certification-authority\/#breadcrumb"},"inLanguage":"en-US","potentialAction":[{"@type":"ReadAction","target":["https:\/\/biznis.slovanet.net\/en\/information-security\/certification-authority\/"]}]},{"@type":"BreadcrumbList","@id":"https:\/\/biznis.slovanet.net\/en\/information-security\/certification-authority\/#breadcrumb","itemListElement":[{"@type":"ListItem","position":1,"name":"Home","item":"https:\/\/biznis.slovanet.net\/en\/"},{"@type":"ListItem","position":2,"name":"Information security","item":"https:\/\/biznis.slovanet.net\/en\/information-security\/"},{"@type":"ListItem","position":3,"name":"Certification authority"}]},{"@type":"WebSite","@id":"https:\/\/biznis.slovanet.net\/en\/#website","url":"https:\/\/biznis.slovanet.net\/en\/","name":"Slovanet","description":"Telekomunika\u010dn\u00e9 slu\u017eby pre firmy","publisher":{"@id":"https:\/\/biznis.slovanet.net\/en\/#organization"},"potentialAction":[{"@type":"SearchAction","target":{"@type":"EntryPoint","urlTemplate":"https:\/\/biznis.slovanet.net\/en\/?s={search_term_string}"},"query-input":{"@type":"PropertyValueSpecification","valueRequired":true,"valueName":"search_term_string"}}],"inLanguage":"en-US"},{"@type":"Organization","@id":"https:\/\/biznis.slovanet.net\/en\/#organization","name":"Slovanet","url":"https:\/\/biznis.slovanet.net\/en\/","logo":{"@type":"ImageObject","inLanguage":"en-US","@id":"https:\/\/biznis.slovanet.net\/en\/#\/schema\/logo\/image\/","url":"https:\/\/biznis.slovanet.net\/wp-content\/uploads\/2019\/09\/slovanet_logo.svg","contentUrl":"https:\/\/biznis.slovanet.net\/wp-content\/uploads\/2019\/09\/slovanet_logo.svg","width":1,"height":1,"caption":"Slovanet"},"image":{"@id":"https:\/\/biznis.slovanet.net\/en\/#\/schema\/logo\/image\/"},"sameAs":["https:\/\/www.facebook.com\/slovanet\/"]}]}},"_links":{"self":[{"href":"https:\/\/biznis.slovanet.net\/en\/wp-json\/wp\/v2\/pages\/4304","targetHints":{"allow":["GET"]}}],"collection":[{"href":"https:\/\/biznis.slovanet.net\/en\/wp-json\/wp\/v2\/pages"}],"about":[{"href":"https:\/\/biznis.slovanet.net\/en\/wp-json\/wp\/v2\/types\/page"}],"author":[{"embeddable":true,"href":"https:\/\/biznis.slovanet.net\/en\/wp-json\/wp\/v2\/users\/4"}],"replies":[{"embeddable":true,"href":"https:\/\/biznis.slovanet.net\/en\/wp-json\/wp\/v2\/comments?post=4304"}],"version-history":[{"count":2,"href":"https:\/\/biznis.slovanet.net\/en\/wp-json\/wp\/v2\/pages\/4304\/revisions"}],"predecessor-version":[{"id":4306,"href":"https:\/\/biznis.slovanet.net\/en\/wp-json\/wp\/v2\/pages\/4304\/revisions\/4306"}],"up":[{"embeddable":true,"href":"https:\/\/biznis.slovanet.net\/en\/wp-json\/wp\/v2\/pages\/4222"}],"wp:attachment":[{"href":"https:\/\/biznis.slovanet.net\/en\/wp-json\/wp\/v2\/media?parent=4304"}],"curies":[{"name":"wp","href":"https:\/\/api.w.org\/{rel}","templated":true}]}}