{"id":4217,"date":"2019-07-17T06:30:38","date_gmt":"2019-07-17T04:30:38","guid":{"rendered":"https:\/\/biznis.slovanet.net\/firmy\/"},"modified":"2019-10-24T09:51:40","modified_gmt":"2019-10-24T07:51:40","slug":"companies","status":"publish","type":"page","link":"https:\/\/biznis.slovanet.net\/en\/companies\/","title":{"rendered":"Companies"},"content":{"rendered":"<p>Discover technologies that can take your business one step further.<\/p>\n","protected":false},"excerpt":{"rendered":"<p>Discover technologies that can take your business one step further.<\/p>\n","protected":false},"author":4,"featured_media":0,"parent":0,"menu_order":0,"comment_status":"closed","ping_status":"closed","template":"template-pages\/cielova-skupina.php","meta":{"_acf_changed":false,"inline_featured_image":false,"footnotes":""},"class_list":["post-4217","page","type-page","status-publish","hentry"],"acf":[],"yoast_head":"<!-- This site is optimized with the Yoast SEO plugin v26.5 - https:\/\/yoast.com\/wordpress\/plugins\/seo\/ -->\n<title>Services for your Business - Slovanet<\/title>\n<meta name=\"description\" content=\"Discover technologies that can take your business one step further. We will design a tailor-made solution for you.\" \/>\n<meta name=\"robots\" content=\"index, follow, max-snippet:-1, max-image-preview:large, max-video-preview:-1\" \/>\n<link rel=\"canonical\" href=\"https:\/\/biznis.slovanet.net\/en\/companies\/\" \/>\n<meta property=\"og:locale\" content=\"en_US\" \/>\n<meta property=\"og:type\" content=\"article\" \/>\n<meta property=\"og:title\" content=\"Services for your Business - Slovanet\" \/>\n<meta property=\"og:description\" content=\"Discover technologies that can take your business one step further. We will design a tailor-made solution for you.\" \/>\n<meta property=\"og:url\" content=\"https:\/\/biznis.slovanet.net\/en\/companies\/\" \/>\n<meta property=\"og:site_name\" content=\"Slovanet\" \/>\n<meta property=\"article:publisher\" content=\"https:\/\/www.facebook.com\/slovanet\/\" \/>\n<meta property=\"article:modified_time\" content=\"2019-10-24T07:51:40+00:00\" \/>\n<meta property=\"og:image\" content=\"https:\/\/biznis.slovanet.net\/wp-content\/uploads\/2021\/05\/biznisslovanet-og_image.png\" \/>\n\t<meta property=\"og:image:width\" content=\"1200\" \/>\n\t<meta property=\"og:image:height\" content=\"630\" \/>\n\t<meta property=\"og:image:type\" content=\"image\/png\" \/>\n<meta name=\"twitter:card\" content=\"summary_large_image\" \/>\n<script type=\"application\/ld+json\" class=\"yoast-schema-graph\">{\"@context\":\"https:\/\/schema.org\",\"@graph\":[{\"@type\":\"WebPage\",\"@id\":\"https:\/\/biznis.slovanet.net\/en\/companies\/\",\"url\":\"https:\/\/biznis.slovanet.net\/en\/companies\/\",\"name\":\"Services for your Business - Slovanet\",\"isPartOf\":{\"@id\":\"https:\/\/biznis.slovanet.net\/en\/#website\"},\"datePublished\":\"2019-07-17T04:30:38+00:00\",\"dateModified\":\"2019-10-24T07:51:40+00:00\",\"description\":\"Discover technologies that can take your business one step further. We will design a tailor-made solution for you.\",\"breadcrumb\":{\"@id\":\"https:\/\/biznis.slovanet.net\/en\/companies\/#breadcrumb\"},\"inLanguage\":\"en-US\",\"potentialAction\":[{\"@type\":\"ReadAction\",\"target\":[\"https:\/\/biznis.slovanet.net\/en\/companies\/\"]}]},{\"@type\":\"BreadcrumbList\",\"@id\":\"https:\/\/biznis.slovanet.net\/en\/companies\/#breadcrumb\",\"itemListElement\":[{\"@type\":\"ListItem\",\"position\":1,\"name\":\"Home\",\"item\":\"https:\/\/biznis.slovanet.net\/en\/\"},{\"@type\":\"ListItem\",\"position\":2,\"name\":\"Companies\"}]},{\"@type\":\"WebSite\",\"@id\":\"https:\/\/biznis.slovanet.net\/en\/#website\",\"url\":\"https:\/\/biznis.slovanet.net\/en\/\",\"name\":\"Slovanet\",\"description\":\"Telekomunika\u010dn\u00e9 slu\u017eby pre firmy\",\"publisher\":{\"@id\":\"https:\/\/biznis.slovanet.net\/en\/#organization\"},\"potentialAction\":[{\"@type\":\"SearchAction\",\"target\":{\"@type\":\"EntryPoint\",\"urlTemplate\":\"https:\/\/biznis.slovanet.net\/en\/?s={search_term_string}\"},\"query-input\":{\"@type\":\"PropertyValueSpecification\",\"valueRequired\":true,\"valueName\":\"search_term_string\"}}],\"inLanguage\":\"en-US\"},{\"@type\":\"Organization\",\"@id\":\"https:\/\/biznis.slovanet.net\/en\/#organization\",\"name\":\"Slovanet\",\"url\":\"https:\/\/biznis.slovanet.net\/en\/\",\"logo\":{\"@type\":\"ImageObject\",\"inLanguage\":\"en-US\",\"@id\":\"https:\/\/biznis.slovanet.net\/en\/#\/schema\/logo\/image\/\",\"url\":\"https:\/\/biznis.slovanet.net\/wp-content\/uploads\/2019\/09\/slovanet_logo.svg\",\"contentUrl\":\"https:\/\/biznis.slovanet.net\/wp-content\/uploads\/2019\/09\/slovanet_logo.svg\",\"width\":1,\"height\":1,\"caption\":\"Slovanet\"},\"image\":{\"@id\":\"https:\/\/biznis.slovanet.net\/en\/#\/schema\/logo\/image\/\"},\"sameAs\":[\"https:\/\/www.facebook.com\/slovanet\/\"]}]}<\/script>\n<!-- \/ Yoast SEO plugin. -->","yoast_head_json":{"title":"Services for your Business - Slovanet","description":"Discover technologies that can take your business one step further. We will design a tailor-made solution for you.","robots":{"index":"index","follow":"follow","max-snippet":"max-snippet:-1","max-image-preview":"max-image-preview:large","max-video-preview":"max-video-preview:-1"},"canonical":"https:\/\/biznis.slovanet.net\/en\/companies\/","og_locale":"en_US","og_type":"article","og_title":"Services for your Business - Slovanet","og_description":"Discover technologies that can take your business one step further. We will design a tailor-made solution for you.","og_url":"https:\/\/biznis.slovanet.net\/en\/companies\/","og_site_name":"Slovanet","article_publisher":"https:\/\/www.facebook.com\/slovanet\/","article_modified_time":"2019-10-24T07:51:40+00:00","og_image":[{"width":1200,"height":630,"url":"https:\/\/biznis.slovanet.net\/wp-content\/uploads\/2021\/05\/biznisslovanet-og_image.png","type":"image\/png"}],"twitter_card":"summary_large_image","schema":{"@context":"https:\/\/schema.org","@graph":[{"@type":"WebPage","@id":"https:\/\/biznis.slovanet.net\/en\/companies\/","url":"https:\/\/biznis.slovanet.net\/en\/companies\/","name":"Services for your Business - Slovanet","isPartOf":{"@id":"https:\/\/biznis.slovanet.net\/en\/#website"},"datePublished":"2019-07-17T04:30:38+00:00","dateModified":"2019-10-24T07:51:40+00:00","description":"Discover technologies that can take your business one step further. We will design a tailor-made solution for you.","breadcrumb":{"@id":"https:\/\/biznis.slovanet.net\/en\/companies\/#breadcrumb"},"inLanguage":"en-US","potentialAction":[{"@type":"ReadAction","target":["https:\/\/biznis.slovanet.net\/en\/companies\/"]}]},{"@type":"BreadcrumbList","@id":"https:\/\/biznis.slovanet.net\/en\/companies\/#breadcrumb","itemListElement":[{"@type":"ListItem","position":1,"name":"Home","item":"https:\/\/biznis.slovanet.net\/en\/"},{"@type":"ListItem","position":2,"name":"Companies"}]},{"@type":"WebSite","@id":"https:\/\/biznis.slovanet.net\/en\/#website","url":"https:\/\/biznis.slovanet.net\/en\/","name":"Slovanet","description":"Telekomunika\u010dn\u00e9 slu\u017eby pre firmy","publisher":{"@id":"https:\/\/biznis.slovanet.net\/en\/#organization"},"potentialAction":[{"@type":"SearchAction","target":{"@type":"EntryPoint","urlTemplate":"https:\/\/biznis.slovanet.net\/en\/?s={search_term_string}"},"query-input":{"@type":"PropertyValueSpecification","valueRequired":true,"valueName":"search_term_string"}}],"inLanguage":"en-US"},{"@type":"Organization","@id":"https:\/\/biznis.slovanet.net\/en\/#organization","name":"Slovanet","url":"https:\/\/biznis.slovanet.net\/en\/","logo":{"@type":"ImageObject","inLanguage":"en-US","@id":"https:\/\/biznis.slovanet.net\/en\/#\/schema\/logo\/image\/","url":"https:\/\/biznis.slovanet.net\/wp-content\/uploads\/2019\/09\/slovanet_logo.svg","contentUrl":"https:\/\/biznis.slovanet.net\/wp-content\/uploads\/2019\/09\/slovanet_logo.svg","width":1,"height":1,"caption":"Slovanet"},"image":{"@id":"https:\/\/biznis.slovanet.net\/en\/#\/schema\/logo\/image\/"},"sameAs":["https:\/\/www.facebook.com\/slovanet\/"]}]}},"_links":{"self":[{"href":"https:\/\/biznis.slovanet.net\/en\/wp-json\/wp\/v2\/pages\/4217","targetHints":{"allow":["GET"]}}],"collection":[{"href":"https:\/\/biznis.slovanet.net\/en\/wp-json\/wp\/v2\/pages"}],"about":[{"href":"https:\/\/biznis.slovanet.net\/en\/wp-json\/wp\/v2\/types\/page"}],"author":[{"embeddable":true,"href":"https:\/\/biznis.slovanet.net\/en\/wp-json\/wp\/v2\/users\/4"}],"replies":[{"embeddable":true,"href":"https:\/\/biznis.slovanet.net\/en\/wp-json\/wp\/v2\/comments?post=4217"}],"version-history":[{"count":6,"href":"https:\/\/biznis.slovanet.net\/en\/wp-json\/wp\/v2\/pages\/4217\/revisions"}],"predecessor-version":[{"id":5202,"href":"https:\/\/biznis.slovanet.net\/en\/wp-json\/wp\/v2\/pages\/4217\/revisions\/5202"}],"wp:attachment":[{"href":"https:\/\/biznis.slovanet.net\/en\/wp-json\/wp\/v2\/media?parent=4217"}],"curies":[{"name":"wp","href":"https:\/\/api.w.org\/{rel}","templated":true}]}}