{"id":4214,"date":"2019-07-18T06:30:37","date_gmt":"2019-07-18T04:30:37","guid":{"rendered":"https:\/\/biznis.slovanet.net\/cookies\/"},"modified":"2019-10-22T23:21:33","modified_gmt":"2019-10-22T21:21:33","slug":"cookies","status":"publish","type":"page","link":"https:\/\/biznis.slovanet.net\/en\/cookies\/","title":{"rendered":"Cookies"},"content":{"rendered":"<p>A cookie is a short text file sent to your browser by a website you visit. Cookies are important. Without them, browsing the web would be much more difficult. Cookies in no way give us access to your computer or any information about you, except for the data you want to share with us. It allows websites to remember information about your visit, such as storing your SafeSearch preferences, selecting relevant ads, tracking the number of visitors to your site, making it easier to sign up for new services, and protecting your data. This makes your next visit to your site easier and more productive.<\/p>\n","protected":false},"excerpt":{"rendered":"<p>A cookie is a short text file sent to your browser by a website you visit. Cookies are important. Without them, browsing the web would be much more difficult. Cookies in no way give us access to your computer or any information about you, except for the data you want to share with us. It [&hellip;]<\/p>\n","protected":false},"author":1,"featured_media":0,"parent":0,"menu_order":0,"comment_status":"closed","ping_status":"closed","template":"template-pages\/cookies.php","meta":{"_acf_changed":false,"inline_featured_image":false,"footnotes":""},"class_list":["post-4214","page","type-page","status-publish","hentry"],"acf":[],"yoast_head":"<!-- This site is optimized with the Yoast SEO plugin v26.5 - https:\/\/yoast.com\/wordpress\/plugins\/seo\/ -->\n<title>Cookies - Slovanet<\/title>\n<meta name=\"description\" content=\"Cookie is a short text file sent to your browser by a website you visit.\" \/>\n<meta name=\"robots\" content=\"index, follow, max-snippet:-1, max-image-preview:large, max-video-preview:-1\" \/>\n<link rel=\"canonical\" href=\"https:\/\/biznis.slovanet.net\/en\/cookies\/\" \/>\n<meta property=\"og:locale\" content=\"en_US\" \/>\n<meta property=\"og:type\" content=\"article\" \/>\n<meta property=\"og:title\" content=\"Cookies - Slovanet\" \/>\n<meta property=\"og:description\" content=\"Cookie is a short text file sent to your browser by a website you visit.\" \/>\n<meta property=\"og:url\" content=\"https:\/\/biznis.slovanet.net\/en\/cookies\/\" \/>\n<meta property=\"og:site_name\" content=\"Slovanet\" \/>\n<meta property=\"article:publisher\" content=\"https:\/\/www.facebook.com\/slovanet\/\" \/>\n<meta property=\"article:modified_time\" content=\"2019-10-22T21:21:33+00:00\" \/>\n<meta property=\"og:image\" content=\"https:\/\/biznis.slovanet.net\/wp-content\/uploads\/2021\/05\/biznisslovanet-og_image.png\" \/>\n\t<meta property=\"og:image:width\" content=\"1200\" \/>\n\t<meta property=\"og:image:height\" content=\"630\" \/>\n\t<meta property=\"og:image:type\" content=\"image\/png\" \/>\n<meta name=\"twitter:card\" content=\"summary_large_image\" \/>\n<meta name=\"twitter:label1\" content=\"Est. reading time\" \/>\n\t<meta name=\"twitter:data1\" content=\"1 minute\" \/>\n<script type=\"application\/ld+json\" class=\"yoast-schema-graph\">{\"@context\":\"https:\/\/schema.org\",\"@graph\":[{\"@type\":\"WebPage\",\"@id\":\"https:\/\/biznis.slovanet.net\/en\/cookies\/\",\"url\":\"https:\/\/biznis.slovanet.net\/en\/cookies\/\",\"name\":\"Cookies - Slovanet\",\"isPartOf\":{\"@id\":\"https:\/\/biznis.slovanet.net\/en\/#website\"},\"datePublished\":\"2019-07-18T04:30:37+00:00\",\"dateModified\":\"2019-10-22T21:21:33+00:00\",\"description\":\"Cookie is a short text file sent to your browser by a website you visit.\",\"breadcrumb\":{\"@id\":\"https:\/\/biznis.slovanet.net\/en\/cookies\/#breadcrumb\"},\"inLanguage\":\"en-US\",\"potentialAction\":[{\"@type\":\"ReadAction\",\"target\":[\"https:\/\/biznis.slovanet.net\/en\/cookies\/\"]}]},{\"@type\":\"BreadcrumbList\",\"@id\":\"https:\/\/biznis.slovanet.net\/en\/cookies\/#breadcrumb\",\"itemListElement\":[{\"@type\":\"ListItem\",\"position\":1,\"name\":\"Home\",\"item\":\"https:\/\/biznis.slovanet.net\/en\/\"},{\"@type\":\"ListItem\",\"position\":2,\"name\":\"Cookies\"}]},{\"@type\":\"WebSite\",\"@id\":\"https:\/\/biznis.slovanet.net\/en\/#website\",\"url\":\"https:\/\/biznis.slovanet.net\/en\/\",\"name\":\"Slovanet\",\"description\":\"Telekomunika\u010dn\u00e9 slu\u017eby pre firmy\",\"publisher\":{\"@id\":\"https:\/\/biznis.slovanet.net\/en\/#organization\"},\"potentialAction\":[{\"@type\":\"SearchAction\",\"target\":{\"@type\":\"EntryPoint\",\"urlTemplate\":\"https:\/\/biznis.slovanet.net\/en\/?s={search_term_string}\"},\"query-input\":{\"@type\":\"PropertyValueSpecification\",\"valueRequired\":true,\"valueName\":\"search_term_string\"}}],\"inLanguage\":\"en-US\"},{\"@type\":\"Organization\",\"@id\":\"https:\/\/biznis.slovanet.net\/en\/#organization\",\"name\":\"Slovanet\",\"url\":\"https:\/\/biznis.slovanet.net\/en\/\",\"logo\":{\"@type\":\"ImageObject\",\"inLanguage\":\"en-US\",\"@id\":\"https:\/\/biznis.slovanet.net\/en\/#\/schema\/logo\/image\/\",\"url\":\"https:\/\/biznis.slovanet.net\/wp-content\/uploads\/2019\/09\/slovanet_logo.svg\",\"contentUrl\":\"https:\/\/biznis.slovanet.net\/wp-content\/uploads\/2019\/09\/slovanet_logo.svg\",\"width\":1,\"height\":1,\"caption\":\"Slovanet\"},\"image\":{\"@id\":\"https:\/\/biznis.slovanet.net\/en\/#\/schema\/logo\/image\/\"},\"sameAs\":[\"https:\/\/www.facebook.com\/slovanet\/\"]}]}<\/script>\n<!-- \/ Yoast SEO plugin. -->","yoast_head_json":{"title":"Cookies - Slovanet","description":"Cookie is a short text file sent to your browser by a website you visit.","robots":{"index":"index","follow":"follow","max-snippet":"max-snippet:-1","max-image-preview":"max-image-preview:large","max-video-preview":"max-video-preview:-1"},"canonical":"https:\/\/biznis.slovanet.net\/en\/cookies\/","og_locale":"en_US","og_type":"article","og_title":"Cookies - Slovanet","og_description":"Cookie is a short text file sent to your browser by a website you visit.","og_url":"https:\/\/biznis.slovanet.net\/en\/cookies\/","og_site_name":"Slovanet","article_publisher":"https:\/\/www.facebook.com\/slovanet\/","article_modified_time":"2019-10-22T21:21:33+00:00","og_image":[{"width":1200,"height":630,"url":"https:\/\/biznis.slovanet.net\/wp-content\/uploads\/2021\/05\/biznisslovanet-og_image.png","type":"image\/png"}],"twitter_card":"summary_large_image","twitter_misc":{"Est. reading time":"1 minute"},"schema":{"@context":"https:\/\/schema.org","@graph":[{"@type":"WebPage","@id":"https:\/\/biznis.slovanet.net\/en\/cookies\/","url":"https:\/\/biznis.slovanet.net\/en\/cookies\/","name":"Cookies - Slovanet","isPartOf":{"@id":"https:\/\/biznis.slovanet.net\/en\/#website"},"datePublished":"2019-07-18T04:30:37+00:00","dateModified":"2019-10-22T21:21:33+00:00","description":"Cookie is a short text file sent to your browser by a website you visit.","breadcrumb":{"@id":"https:\/\/biznis.slovanet.net\/en\/cookies\/#breadcrumb"},"inLanguage":"en-US","potentialAction":[{"@type":"ReadAction","target":["https:\/\/biznis.slovanet.net\/en\/cookies\/"]}]},{"@type":"BreadcrumbList","@id":"https:\/\/biznis.slovanet.net\/en\/cookies\/#breadcrumb","itemListElement":[{"@type":"ListItem","position":1,"name":"Home","item":"https:\/\/biznis.slovanet.net\/en\/"},{"@type":"ListItem","position":2,"name":"Cookies"}]},{"@type":"WebSite","@id":"https:\/\/biznis.slovanet.net\/en\/#website","url":"https:\/\/biznis.slovanet.net\/en\/","name":"Slovanet","description":"Telekomunika\u010dn\u00e9 slu\u017eby pre firmy","publisher":{"@id":"https:\/\/biznis.slovanet.net\/en\/#organization"},"potentialAction":[{"@type":"SearchAction","target":{"@type":"EntryPoint","urlTemplate":"https:\/\/biznis.slovanet.net\/en\/?s={search_term_string}"},"query-input":{"@type":"PropertyValueSpecification","valueRequired":true,"valueName":"search_term_string"}}],"inLanguage":"en-US"},{"@type":"Organization","@id":"https:\/\/biznis.slovanet.net\/en\/#organization","name":"Slovanet","url":"https:\/\/biznis.slovanet.net\/en\/","logo":{"@type":"ImageObject","inLanguage":"en-US","@id":"https:\/\/biznis.slovanet.net\/en\/#\/schema\/logo\/image\/","url":"https:\/\/biznis.slovanet.net\/wp-content\/uploads\/2019\/09\/slovanet_logo.svg","contentUrl":"https:\/\/biznis.slovanet.net\/wp-content\/uploads\/2019\/09\/slovanet_logo.svg","width":1,"height":1,"caption":"Slovanet"},"image":{"@id":"https:\/\/biznis.slovanet.net\/en\/#\/schema\/logo\/image\/"},"sameAs":["https:\/\/www.facebook.com\/slovanet\/"]}]}},"_links":{"self":[{"href":"https:\/\/biznis.slovanet.net\/en\/wp-json\/wp\/v2\/pages\/4214","targetHints":{"allow":["GET"]}}],"collection":[{"href":"https:\/\/biznis.slovanet.net\/en\/wp-json\/wp\/v2\/pages"}],"about":[{"href":"https:\/\/biznis.slovanet.net\/en\/wp-json\/wp\/v2\/types\/page"}],"author":[{"embeddable":true,"href":"https:\/\/biznis.slovanet.net\/en\/wp-json\/wp\/v2\/users\/1"}],"replies":[{"embeddable":true,"href":"https:\/\/biznis.slovanet.net\/en\/wp-json\/wp\/v2\/comments?post=4214"}],"version-history":[{"count":4,"href":"https:\/\/biznis.slovanet.net\/en\/wp-json\/wp\/v2\/pages\/4214\/revisions"}],"predecessor-version":[{"id":5085,"href":"https:\/\/biznis.slovanet.net\/en\/wp-json\/wp\/v2\/pages\/4214\/revisions\/5085"}],"wp:attachment":[{"href":"https:\/\/biznis.slovanet.net\/en\/wp-json\/wp\/v2\/media?parent=4214"}],"curies":[{"name":"wp","href":"https:\/\/api.w.org\/{rel}","templated":true}]}}