{"id":4186,"date":"2019-07-16T06:52:32","date_gmt":"2019-07-16T04:52:32","guid":{"rendered":"https:\/\/biznis.slovanet.net\/about-us\/rocne-spravy\/"},"modified":"2025-08-04T11:05:47","modified_gmt":"2025-08-04T09:05:47","slug":"annual-reports","status":"publish","type":"page","link":"https:\/\/biznis.slovanet.net\/en\/about-us\/annual-reports\/","title":{"rendered":"Annual reports"},"content":{"rendered":"<p>The current Slovanet was established by a gradual merger of several major Slovak companies operating in the field of information technology. This process was successfully completed in 2003 by the merger of Slovanet and ViaPVT. Annual reports of the united Slovanet have been published since 2004.<\/p>\n<p>&nbsp;<\/p>\n","protected":false},"excerpt":{"rendered":"<p>The current Slovanet was established by a gradual merger of several major Slovak companies operating in the field of information technology. This process was successfully completed in 2003 by the merger of Slovanet and ViaPVT. Annual reports of the united Slovanet have been published since 2004. &nbsp;<\/p>\n","protected":false},"author":1,"featured_media":0,"parent":4180,"menu_order":1,"comment_status":"closed","ping_status":"closed","template":"template-pages\/rocne-spravy.php","meta":{"_acf_changed":false,"inline_featured_image":false,"footnotes":""},"class_list":["post-4186","page","type-page","status-publish","hentry"],"acf":[],"yoast_head":"<!-- This site is optimized with the Yoast SEO plugin v26.5 - https:\/\/yoast.com\/wordpress\/plugins\/seo\/ -->\n<title>Annual reports - Slovanet<\/title>\n<meta name=\"description\" content=\"V\u00fdro\u010dn\u00e9 a konsolidovan\u00e9 spr\u00e1vy na jednom mieste.\" \/>\n<meta name=\"robots\" content=\"index, follow, max-snippet:-1, max-image-preview:large, max-video-preview:-1\" \/>\n<link rel=\"canonical\" href=\"https:\/\/biznis.slovanet.net\/en\/about-us\/annual-reports\/\" \/>\n<meta property=\"og:locale\" content=\"en_US\" \/>\n<meta property=\"og:type\" content=\"article\" \/>\n<meta property=\"og:title\" content=\"Annual reports - Slovanet\" \/>\n<meta property=\"og:description\" content=\"V\u00fdro\u010dn\u00e9 a konsolidovan\u00e9 spr\u00e1vy na jednom mieste.\" \/>\n<meta property=\"og:url\" content=\"https:\/\/biznis.slovanet.net\/en\/about-us\/annual-reports\/\" \/>\n<meta property=\"og:site_name\" content=\"Slovanet\" \/>\n<meta property=\"article:publisher\" content=\"https:\/\/www.facebook.com\/slovanet\/\" \/>\n<meta property=\"article:modified_time\" content=\"2025-08-04T09:05:47+00:00\" \/>\n<meta property=\"og:image\" content=\"https:\/\/biznis.slovanet.net\/wp-content\/uploads\/2021\/05\/biznisslovanet-og_image.png\" \/>\n\t<meta property=\"og:image:width\" content=\"1200\" \/>\n\t<meta property=\"og:image:height\" content=\"630\" \/>\n\t<meta property=\"og:image:type\" content=\"image\/png\" \/>\n<meta name=\"twitter:card\" content=\"summary_large_image\" \/>\n<meta name=\"twitter:label1\" content=\"Est. reading time\" \/>\n\t<meta name=\"twitter:data1\" content=\"1 minute\" \/>\n<script type=\"application\/ld+json\" class=\"yoast-schema-graph\">{\"@context\":\"https:\/\/schema.org\",\"@graph\":[{\"@type\":\"WebPage\",\"@id\":\"https:\/\/biznis.slovanet.net\/en\/about-us\/annual-reports\/\",\"url\":\"https:\/\/biznis.slovanet.net\/en\/about-us\/annual-reports\/\",\"name\":\"Annual reports - Slovanet\",\"isPartOf\":{\"@id\":\"https:\/\/biznis.slovanet.net\/en\/#website\"},\"datePublished\":\"2019-07-16T04:52:32+00:00\",\"dateModified\":\"2025-08-04T09:05:47+00:00\",\"description\":\"V\u00fdro\u010dn\u00e9 a konsolidovan\u00e9 spr\u00e1vy na jednom mieste.\",\"breadcrumb\":{\"@id\":\"https:\/\/biznis.slovanet.net\/en\/about-us\/annual-reports\/#breadcrumb\"},\"inLanguage\":\"en-US\",\"potentialAction\":[{\"@type\":\"ReadAction\",\"target\":[\"https:\/\/biznis.slovanet.net\/en\/about-us\/annual-reports\/\"]}]},{\"@type\":\"BreadcrumbList\",\"@id\":\"https:\/\/biznis.slovanet.net\/en\/about-us\/annual-reports\/#breadcrumb\",\"itemListElement\":[{\"@type\":\"ListItem\",\"position\":1,\"name\":\"Home\",\"item\":\"https:\/\/biznis.slovanet.net\/en\/\"},{\"@type\":\"ListItem\",\"position\":2,\"name\":\"About Us\",\"item\":\"https:\/\/biznis.slovanet.net\/en\/about-us\/\"},{\"@type\":\"ListItem\",\"position\":3,\"name\":\"Annual reports\"}]},{\"@type\":\"WebSite\",\"@id\":\"https:\/\/biznis.slovanet.net\/en\/#website\",\"url\":\"https:\/\/biznis.slovanet.net\/en\/\",\"name\":\"Slovanet\",\"description\":\"Telekomunika\u010dn\u00e9 slu\u017eby pre firmy\",\"publisher\":{\"@id\":\"https:\/\/biznis.slovanet.net\/en\/#organization\"},\"potentialAction\":[{\"@type\":\"SearchAction\",\"target\":{\"@type\":\"EntryPoint\",\"urlTemplate\":\"https:\/\/biznis.slovanet.net\/en\/?s={search_term_string}\"},\"query-input\":{\"@type\":\"PropertyValueSpecification\",\"valueRequired\":true,\"valueName\":\"search_term_string\"}}],\"inLanguage\":\"en-US\"},{\"@type\":\"Organization\",\"@id\":\"https:\/\/biznis.slovanet.net\/en\/#organization\",\"name\":\"Slovanet\",\"url\":\"https:\/\/biznis.slovanet.net\/en\/\",\"logo\":{\"@type\":\"ImageObject\",\"inLanguage\":\"en-US\",\"@id\":\"https:\/\/biznis.slovanet.net\/en\/#\/schema\/logo\/image\/\",\"url\":\"https:\/\/biznis.slovanet.net\/wp-content\/uploads\/2019\/09\/slovanet_logo.svg\",\"contentUrl\":\"https:\/\/biznis.slovanet.net\/wp-content\/uploads\/2019\/09\/slovanet_logo.svg\",\"width\":1,\"height\":1,\"caption\":\"Slovanet\"},\"image\":{\"@id\":\"https:\/\/biznis.slovanet.net\/en\/#\/schema\/logo\/image\/\"},\"sameAs\":[\"https:\/\/www.facebook.com\/slovanet\/\"]}]}<\/script>\n<!-- \/ Yoast SEO plugin. -->","yoast_head_json":{"title":"Annual reports - Slovanet","description":"V\u00fdro\u010dn\u00e9 a konsolidovan\u00e9 spr\u00e1vy na jednom mieste.","robots":{"index":"index","follow":"follow","max-snippet":"max-snippet:-1","max-image-preview":"max-image-preview:large","max-video-preview":"max-video-preview:-1"},"canonical":"https:\/\/biznis.slovanet.net\/en\/about-us\/annual-reports\/","og_locale":"en_US","og_type":"article","og_title":"Annual reports - Slovanet","og_description":"V\u00fdro\u010dn\u00e9 a konsolidovan\u00e9 spr\u00e1vy na jednom mieste.","og_url":"https:\/\/biznis.slovanet.net\/en\/about-us\/annual-reports\/","og_site_name":"Slovanet","article_publisher":"https:\/\/www.facebook.com\/slovanet\/","article_modified_time":"2025-08-04T09:05:47+00:00","og_image":[{"width":1200,"height":630,"url":"https:\/\/biznis.slovanet.net\/wp-content\/uploads\/2021\/05\/biznisslovanet-og_image.png","type":"image\/png"}],"twitter_card":"summary_large_image","twitter_misc":{"Est. reading time":"1 minute"},"schema":{"@context":"https:\/\/schema.org","@graph":[{"@type":"WebPage","@id":"https:\/\/biznis.slovanet.net\/en\/about-us\/annual-reports\/","url":"https:\/\/biznis.slovanet.net\/en\/about-us\/annual-reports\/","name":"Annual reports - Slovanet","isPartOf":{"@id":"https:\/\/biznis.slovanet.net\/en\/#website"},"datePublished":"2019-07-16T04:52:32+00:00","dateModified":"2025-08-04T09:05:47+00:00","description":"V\u00fdro\u010dn\u00e9 a konsolidovan\u00e9 spr\u00e1vy na jednom mieste.","breadcrumb":{"@id":"https:\/\/biznis.slovanet.net\/en\/about-us\/annual-reports\/#breadcrumb"},"inLanguage":"en-US","potentialAction":[{"@type":"ReadAction","target":["https:\/\/biznis.slovanet.net\/en\/about-us\/annual-reports\/"]}]},{"@type":"BreadcrumbList","@id":"https:\/\/biznis.slovanet.net\/en\/about-us\/annual-reports\/#breadcrumb","itemListElement":[{"@type":"ListItem","position":1,"name":"Home","item":"https:\/\/biznis.slovanet.net\/en\/"},{"@type":"ListItem","position":2,"name":"About Us","item":"https:\/\/biznis.slovanet.net\/en\/about-us\/"},{"@type":"ListItem","position":3,"name":"Annual reports"}]},{"@type":"WebSite","@id":"https:\/\/biznis.slovanet.net\/en\/#website","url":"https:\/\/biznis.slovanet.net\/en\/","name":"Slovanet","description":"Telekomunika\u010dn\u00e9 slu\u017eby pre firmy","publisher":{"@id":"https:\/\/biznis.slovanet.net\/en\/#organization"},"potentialAction":[{"@type":"SearchAction","target":{"@type":"EntryPoint","urlTemplate":"https:\/\/biznis.slovanet.net\/en\/?s={search_term_string}"},"query-input":{"@type":"PropertyValueSpecification","valueRequired":true,"valueName":"search_term_string"}}],"inLanguage":"en-US"},{"@type":"Organization","@id":"https:\/\/biznis.slovanet.net\/en\/#organization","name":"Slovanet","url":"https:\/\/biznis.slovanet.net\/en\/","logo":{"@type":"ImageObject","inLanguage":"en-US","@id":"https:\/\/biznis.slovanet.net\/en\/#\/schema\/logo\/image\/","url":"https:\/\/biznis.slovanet.net\/wp-content\/uploads\/2019\/09\/slovanet_logo.svg","contentUrl":"https:\/\/biznis.slovanet.net\/wp-content\/uploads\/2019\/09\/slovanet_logo.svg","width":1,"height":1,"caption":"Slovanet"},"image":{"@id":"https:\/\/biznis.slovanet.net\/en\/#\/schema\/logo\/image\/"},"sameAs":["https:\/\/www.facebook.com\/slovanet\/"]}]}},"_links":{"self":[{"href":"https:\/\/biznis.slovanet.net\/en\/wp-json\/wp\/v2\/pages\/4186","targetHints":{"allow":["GET"]}}],"collection":[{"href":"https:\/\/biznis.slovanet.net\/en\/wp-json\/wp\/v2\/pages"}],"about":[{"href":"https:\/\/biznis.slovanet.net\/en\/wp-json\/wp\/v2\/types\/page"}],"author":[{"embeddable":true,"href":"https:\/\/biznis.slovanet.net\/en\/wp-json\/wp\/v2\/users\/1"}],"replies":[{"embeddable":true,"href":"https:\/\/biznis.slovanet.net\/en\/wp-json\/wp\/v2\/comments?post=4186"}],"version-history":[{"count":22,"href":"https:\/\/biznis.slovanet.net\/en\/wp-json\/wp\/v2\/pages\/4186\/revisions"}],"predecessor-version":[{"id":7654,"href":"https:\/\/biznis.slovanet.net\/en\/wp-json\/wp\/v2\/pages\/4186\/revisions\/7654"}],"up":[{"embeddable":true,"href":"https:\/\/biznis.slovanet.net\/en\/wp-json\/wp\/v2\/pages\/4180"}],"wp:attachment":[{"href":"https:\/\/biznis.slovanet.net\/en\/wp-json\/wp\/v2\/media?parent=4186"}],"curies":[{"name":"wp","href":"https:\/\/api.w.org\/{rel}","templated":true}]}}